{"id":12,"date":"2017-06-09T22:10:48","date_gmt":"2017-06-09T22:10:48","guid":{"rendered":"http:\/\/themes.axilweb.com\/wp\/cynic\/modern-big-digital-agency\/?page_id=12"},"modified":"2021-10-12T19:42:23","modified_gmt":"2021-10-12T19:42:23","slug":"privacy-policy","status":"publish","type":"page","link":"\/fr\/privacy-policy\/","title":{"rendered":"Politique de Confidentialit\u00e9"},"content":{"rendered":"<div class=\"vc_row wpb_row vc_row-fluid\"><div class=\"bg-white privecy-content wpb_column vc_column_container vc_col-sm-12\"><div class=\"vc_column-inner\"><div class=\"wpb_wrapper\">\n\t<div class=\"wpb_text_column wpb_content_element\" >\n\t\t<div class=\"wpb_wrapper\">\n\t\t\t<h1 style=\"text-align: justify;\">POLITIQUE DE CONFIDENTIALIT\u00c9 DU SITE WEB<\/h1>\n<h3 style=\"text-align: justify;\">Il est important pour Tainosystems d&#8217;aider nos clients \u00e0 pr\u00e9server leur confidentialit\u00e9 lorsqu&#8217;ils profitent de tout ce qu&#8217;Internet a \u00e0 offrir.<\/h3>\n<p style=\"text-align: justify;\">Internet est un outil incroyable. Il a le pouvoir de changer notre fa\u00e7on de vivre, et nous commen\u00e7ons \u00e0 voir ce potentiel aujourd&#8217;hui. En quelques clics de souris, vous pouvez suivre l&#8217;actualit\u00e9, rechercher des faits, acheter des biens et des services et communiquer avec d&#8217;autres personnes du monde entier.<\/p>\n<p style=\"text-align: justify;\">Nous pensons que votre entreprise n&#8217;appartient \u00e0 personne d&#8217;autre. Votre vie priv\u00e9e est importante pour vous et pour nous. Nous prot\u00e9gerons donc les informations que vous partagez avec nous. Pour prot\u00e9ger votre vie priv\u00e9e, Tainosystems suit diff\u00e9rents principes conform\u00e9ment aux pratiques mondiales en mati\u00e8re de confidentialit\u00e9 et de protection des donn\u00e9es des clients.<\/p>\n<p style=\"text-align: justify;\">Nous ne vendrons ni ne donnerons le nom, l&#8217;adresse postale, le num\u00e9ro de t\u00e9l\u00e9phone, l&#8217;adresse e-mail ou toute autre information \u00e0 qui que ce soit.<br \/>\nNous utiliserons des mesures de s\u00e9curit\u00e9 de pointe pour prot\u00e9ger vos informations contre les utilisateurs non autoris\u00e9s.<\/p>\n<h2 style=\"text-align: justify;\">AVIS<\/h2>\n<p style=\"text-align: justify;\">Nous vous demanderons lorsque nous aurons besoin d&#8217;informations qui vous identifient personnellement (informations personnelles) ou nous permettent de vous contacter. G\u00e9n\u00e9ralement, ces informations sont demand\u00e9es lorsque vous cr\u00e9ez un compte sur le site ou lorsque vous t\u00e9l\u00e9chargez un logiciel gratuit, participez \u00e0 un concours, commandez des newsletters par e-mail ou rejoignez un site premium \u00e0 acc\u00e8s limit\u00e9. Nous utilisons vos informations personnelles \u00e0 quatre fins principales\u00a0:<\/p>\n<p style=\"text-align: justify;\">Pour vous faciliter l&#8217;utilisation du site en n&#8217;ayant pas \u00e0 saisir plusieurs fois les informations.<br \/>\nPour vous aider \u00e0 trouver rapidement des <a title=\"Logiciel\" href=\"https:\/\/silabmed.com\/\" target=\"_blank\" rel=\"noopener\">logiciels<\/a>, des services ou des informations.<br \/>\nPour nous aider \u00e0 cr\u00e9er le contenu le plus pertinent pour vous.<br \/>\nPour vous avertir des mises \u00e0 niveau de produits, des offres sp\u00e9ciales, des informations mises \u00e0 jour et d&#8217;autres nouveaux services de Tainosystems.<\/p>\n<h2 style=\"text-align: justify;\">CONSENTEMENT<\/h2>\n<p style=\"text-align: justify;\">Si vous choisissez de ne pas vous inscrire ou de ne pas fournir d&#8217;informations personnelles, vous pouvez toujours utiliser la plupart de tainosystems.com. Mais vous ne pourrez pas acc\u00e9der aux zones n\u00e9cessitant une inscription.<\/p>\n<p style=\"text-align: justify;\">Si vous d\u00e9cidez de vous inscrire, vous pourrez s\u00e9lectionner les types d&#8217;informations que vous souhaitez recevoir de notre part en vous abonnant \u00e0 divers services, comme nos newsletters \u00e9lectroniques. Si vous ne souhaitez pas que nous communiquions avec vous au sujet d&#8217;autres offres concernant les produits, programmes, \u00e9v\u00e9nements ou services de Tainosystems par e-mail, courrier postal ou t\u00e9l\u00e9phone, vous pouvez s\u00e9lectionner l&#8217;option indiquant que vous ne souhaitez pas recevoir de messages marketing de Tainosystems.<\/p>\n<p style=\"text-align: justify;\">Tainosystems autorise occasionnellement d&#8217;autres soci\u00e9t\u00e9s \u00e0 offrir \u00e0 nos clients enregistr\u00e9s des informations sur leurs produits et services, en utilisant uniquement le courrier postal. Si vous ne souhaitez pas recevoir ces offres, vous pouvez s\u00e9lectionner l&#8217;option indiquant que vous ne souhaitez pas recevoir de supports marketing de tiers.<\/p>\n<h3 style=\"text-align: justify;\">ACC\u00c8S<\/h3>\n<p style=\"text-align: justify;\">Nous vous fournirons les moyens de vous assurer que vos informations personnelles sont correctes et \u00e0 jour. Vous pouvez consulter et mettre \u00e0 jour ces informations \u00e0 tout moment au centre d&#8217;accueil. L\u00e0, vous pouvez\u00a0:<\/p>\n<p style=\"text-align: justify;\">Afficher et modifier les informations personnelles que vous nous avez d\u00e9j\u00e0 fournies.<br \/>\nDites-nous si vous souhaitez que nous vous envoyions des informations marketing ou si vous souhaitez que des tiers vous envoient leurs offres par courrier postal.<br \/>\nInscrivez-vous aux newsletters \u00e9lectroniques sur nos services et produits.<br \/>\nUne fois inscrit, vous n&#8217;aurez plus besoin de le refaire. O\u00f9 que vous alliez sur tainosystems.com, vos informations restent avec vous.<\/p>\n<h3 style=\"text-align: justify;\">S\u00c9CURIT\u00c9<\/h3>\n<p style=\"text-align: justify;\">Tainosystems a pris des mesures strictes pour prot\u00e9ger la s\u00e9curit\u00e9 de vos informations personnelles et pour s&#8217;assurer que vos choix concernant l&#8217;utilisation pr\u00e9vue sont respect\u00e9s. Nous prenons des pr\u00e9cautions strictes pour prot\u00e9ger vos donn\u00e9es contre la perte, l&#8217;utilisation abusive, l&#8217;acc\u00e8s ou la divulgation non autoris\u00e9s, l&#8217;alt\u00e9ration ou la destruction.<\/p>\n<p style=\"text-align: justify;\">Nous garantissons que vos transactions e-commerce sont 100% s\u00fbres et s\u00e9curis\u00e9es. Lorsque vous passez des commandes ou acc\u00e9dez aux informations de votre compte personnel, vous utilisez un logiciel de serveur s\u00e9curis\u00e9 SSL, qui crypte vos informations personnelles avant qu&#8217;elles ne soient envoy\u00e9es sur Internet. SSL est l&#8217;une des technologies de cryptage les plus s\u00fbres disponibles.<\/p>\n<p style=\"text-align: justify;\">Tainosystems prot\u00e8ge strictement la s\u00e9curit\u00e9 de vos informations personnelles et honore vos choix quant \u00e0 l&#8217;utilisation pr\u00e9vue. Nous prot\u00e9geons soigneusement vos donn\u00e9es contre la perte, l&#8217;utilisation abusive, l&#8217;acc\u00e8s ou la divulgation non autoris\u00e9, l&#8217;alt\u00e9ration ou la destruction.<\/p>\n<p style=\"text-align: justify;\">Vos informations personnelles ne sont jamais partag\u00e9es en dehors de l&#8217;entreprise sans votre autorisation, sauf dans les conditions expliqu\u00e9es ci-dessus. Au sein de l&#8217;entreprise, les donn\u00e9es sont stock\u00e9es sur des serveurs contr\u00f4l\u00e9s par mot de passe avec un acc\u00e8s limit\u00e9. Vos informations peuvent \u00eatre stock\u00e9es et trait\u00e9es au Canada ou dans tout autre pays o\u00f9 Tainosystems, ses filiales, soci\u00e9t\u00e9s affili\u00e9es ou agents sont situ\u00e9s.<\/p>\n<p style=\"text-align: justify;\">Vous avez \u00e9galement un r\u00f4le important \u00e0 jouer dans la protection de vos informations. Personne ne peut voir ou modifier vos informations personnelles sans conna\u00eetre votre nom d&#8217;utilisateur et votre mot de passe, alors ne les partagez pas avec d&#8217;autres.<\/p>\n<h3 style=\"text-align: justify;\">AVIS AUX PARENTS<\/h3>\n<p style=\"text-align: justify;\">Parents ou tuteurs\u00a0: nous voulons vous aider \u00e0 prot\u00e9ger la vie priv\u00e9e de vos enfants. Nous vous encourageons \u00e0 parler \u00e0 vos enfants de l&#8217;utilisation s\u00fbre et responsable de leurs informations personnelles lors de l&#8217;utilisation d&#8217;Internet.<\/p>\n<p style=\"text-align: justify;\">Le site Tainosystems ne publie pas de contenu destin\u00e9 aux enfants. Cependant, si vous craignez que vos enfants ne fournissent \u00e0 Tainosystems des informations personnelles sans votre consentement, Tainosystems propose un compte Kids. Il permet aux parents de donner leur consentement parental pour la collecte, l&#8217;utilisation et le partage des informations personnelles des enfants (\u00e2g\u00e9s de 12 ans et moins) en ligne.<\/p>\n<h3 style=\"text-align: justify;\">APPLICATION<\/h3>\n<p style=\"text-align: justify;\">Si, pour une raison quelconque, vous pensez que Tainosystems n&#8217;a pas adh\u00e9r\u00e9 \u00e0 ces principes, veuillez nous en informer par e-mail \u00e0 privacy@tainosystems.com, et nous ferons de notre mieux pour<br \/>\nd\u00e9terminer et corriger le probl\u00e8me rapidement. Assurez-vous que les mots Politique de confidentialit\u00e9 sont dans la<br \/>\nligne Objet.<\/p>\n<h3 style=\"text-align: justify;\">ENREGISTREMENT \u00c9LECTRONIQUE DU PRODUIT<\/h3>\n<p style=\"text-align: justify;\">Lorsque vous achetez et installez un nouveau produit, nous pouvons vous demander d&#8217;enregistrer votre achat par voie \u00e9lectronique. Lorsque vous le faites, nous fusionnons vos informations<br \/>\nd&#8217;enregistrement avec toutes les informations que vous nous avez d\u00e9j\u00e0 laiss\u00e9es (nous appelons ces informations votre<br \/>\nprofil personnel). Si vous ne vous \u00eates pas encore enregistr\u00e9 chez nous, nous cr\u00e9ons un profil personnel pour vous \u00e0 partir des informations d&#8217;enregistrement de votre produit. Si vous souhaitez revoir ou mettre \u00e0 jour ces informations, vous pouvez visiter le Centre de profil, cliquer sur Mettre \u00e0 jour le profil et modifier les informations personnelles de votre profil. Si vous n&#8217;avez pas encore cr\u00e9\u00e9 de compte, nous vous demanderons de le<br \/>\nfaire. Cela garantit que vous seul pouvez acc\u00e9der \u00e0 vos informations.<\/p>\n<h3 style=\"text-align: justify;\">PROFILS CLIENTS<\/h3>\n<p style=\"text-align: justify;\">Comme mentionn\u00e9 ci-dessus, chaque client enregistr\u00e9 a un profil personnel unique. Chaque profil se voit attribuer un num\u00e9ro d&#8217;identification personnel unique, ce qui nous aide \u00e0 garantir que vous seul pouvez acc\u00e9der \u00e0 votre profil.<\/p>\n<p style=\"text-align: justify;\">Lorsque vous vous inscrivez, nous cr\u00e9ons votre profil, attribuons un num\u00e9ro d&#8217;identification personnel, puis renvoyons ce num\u00e9ro d&#8217;identification personnel \u00e0 votre ordinateur sous la forme d&#8217;un cookie, ce qui est tr\u00e8s petit bout de code. Ce code est uniquement le v\u00f4tre. C&#8217;est votre passeport pour voyager en toute fluidit\u00e9 sur www.tainosystems.com, vous permettant de t\u00e9l\u00e9charger des logiciels gratuits, de commander des newsletters gratuites et de visiter les sites Web premium de Tainosystems sans avoir \u00e0 remplir des formulaires d&#8217;inscription avec les informations que vous avez d\u00e9j\u00e0 fournies. M\u00eame si vous changez d&#8217;ordinateur, vous n&#8217;aurez pas \u00e0 vous r\u00e9inscrire. Utilisez simplement votre identifiant de compte pour vous identifier.<\/p>\n<p style=\"text-align: justify;\">Ce que nous faisons avec les informations que vous partagez<\/p>\n<p style=\"text-align: justify;\">Lorsque vous nous rejoignez, vous nous fournissez vos coordonn\u00e9es, y compris votre nom et votre adresse e-mail. Nous utilisons ces informations pour vous envoyer des mises \u00e0 jour sur votre commande, des questionnaires pour mesurer votre satisfaction \u00e0 l&#8217;\u00e9gard de notre service et des annonces sur les nouveaux services passionnants que nous proposons. Lorsque vous commandez chez nous, nous vous demandons votre num\u00e9ro de carte de cr\u00e9dit et votre adresse de facturation. Nous utilisons ces informations uniquement pour vous facturer le(s) produit(s) que vous commandez \u00e0 ce moment-l\u00e0. Pour votre commodit\u00e9, nous enregistrons les informations de facturation au cas o\u00f9 vous souhaiteriez commander \u00e0 nouveau chez nous, mais nous n&#8217;utilisons plus ces informations sans votre autorisation.<\/p>\n<p style=\"text-align: justify;\">Nous embauchons occasionnellement d&#8217;autres soci\u00e9t\u00e9s pour fournir des services limit\u00e9s en notre nom, y compris l&#8217;emballage, l&#8217;envoi et la livraison des achats, la r\u00e9ponse aux questions des clients sur les produits ou services, l&#8217;envoi de courrier postal et le traitement des inscriptions aux \u00e9v\u00e9nements. Nous ne fournirons \u00e0 ces entreprises que les informations dont elles ont besoin pour fournir le service, et il leur est interdit d&#8217;utiliser ces informations \u00e0 d&#8217;autres fins.<\/p>\n<p style=\"text-align: justify;\">Tainosystems ne divulguera vos informations personnelles, sans pr\u00e9avis, que si la loi l&#8217;y oblige ou s&#8217;il estime de bonne foi qu&#8217;une telle action est n\u00e9cessaire pour : (a) se conformer aux des d\u00e9crets de la loi ou se conformer \u00e0 une proc\u00e9dure l\u00e9gale signifi\u00e9e \u00e0 Tainosystems ou au site ; (b) prot\u00e9ger et d\u00e9fendre les droits ou la propri\u00e9t\u00e9 de Tainosystems et de sa famille de sites Web, et (c) agir dans des circonstances urgentes pour prot\u00e9ger la s\u00e9curit\u00e9 personnelle des utilisateurs de <a title=\"Tainosystems\" href=\"\/fr\/\" target=\"_blank\" rel=\"noopener\">Tainosystems<\/a>, de ses sites Web ou du public.<\/p>\n\n\t\t<\/div>\n\t<\/div>\n<\/div><\/div><\/div><\/div>","protected":false},"excerpt":{"rendered":"POLITIQUE DE CONFIDENTIALIT\u00c9 DU SITE WEB Il est important pour Tainosystems d'aider nos clients \u00e0 pr\u00e9server leur confidentialit\u00e9 lorsqu'ils profitent de tout ce qu'Internet a \u00e0 offrir. Internet est un outil incroyable. Il a le pouvoir de changer notre fa\u00e7on de vivre, et nous commen\u00e7ons \u00e0 voir ce potentiel aujourd'hui. En quelques clics de souris,","protected":false},"author":1,"featured_media":0,"parent":0,"menu_order":0,"comment_status":"closed","ping_status":"closed","template":"template-modernpage.php","meta":[],"aioseo_notices":[],"_links":{"self":[{"href":"\/fr\/wp-json\/wp\/v2\/pages\/12"}],"collection":[{"href":"\/fr\/wp-json\/wp\/v2\/pages"}],"about":[{"href":"\/fr\/wp-json\/wp\/v2\/types\/page"}],"author":[{"embeddable":true,"href":"\/fr\/wp-json\/wp\/v2\/users\/1"}],"replies":[{"embeddable":true,"href":"\/fr\/wp-json\/wp\/v2\/comments?post=12"}],"version-history":[{"count":14,"href":"\/fr\/wp-json\/wp\/v2\/pages\/12\/revisions"}],"predecessor-version":[{"id":3482,"href":"\/fr\/wp-json\/wp\/v2\/pages\/12\/revisions\/3482"}],"wp:attachment":[{"href":"\/fr\/wp-json\/wp\/v2\/media?parent=12"}],"curies":[{"name":"wp","href":"https:\/\/api.w.org\/{rel}","templated":true}]}}