{"id":1859,"date":"2017-10-25T15:03:24","date_gmt":"2017-10-25T15:03:24","guid":{"rendered":"http:\/\/themes.axilweb.com\/wp\/cynic\/modern-big-digital-agency\/?page_id=1859"},"modified":"2021-06-14T20:54:29","modified_gmt":"2021-06-14T20:54:29","slug":"faqs","status":"publish","type":"page","link":"\/fr\/faqs\/","title":{"rendered":"FAQs"},"content":{"rendered":"<div id=\"faqs\" class=\"vc_row wpb_row vc_row-fluid faqs\"><div class=\"wpb_column vc_column_container vc_col-sm-12\"><div class=\"vc_column-inner\"><div class=\"wpb_wrapper\">                    <div class=\"faqs-content bg-white\">\r\n                        <h2 class=\"b-clor\">FAQs: Conception<\/h2>\r\n                        <hr class=\"dark-line\">\r\n                        <div class=\"accordion-section\">\r\n                            <div class=\"panel-group\" id=\"accordion-1\" role=\"tablist\" aria-multiselectable=\"true\">\r\n                                                                        <div class=\"panel panel-default\">\r\n                                            <div class=\"panel-heading\" role=\"tab\" id=\"heading-1-1\">\r\n                                                <h4 class=\"panel-title\">\r\n                                                    <a role=\"button\" data-toggle=\"collapse\" data-parent=\"#accordion-1\" href=\"#collapse-1-1\" aria-expanded=\"true\" aria-controls=\"collapse-1-1\"><i class=\"more-less icon-plus\"><\/i>Puis-je apporter mes propres modifications une fois la conception et la configuration initiales termin\u00e9es\u00a0?<\/a>\r\n                                                <\/h4>\r\n                                            <\/div>\r\n                                            <div id=\"collapse-1-1\" class=\"panel-collapse collapse\" role=\"tabpane-1-1\" aria-labelledby=\"heading-1-1\">\r\n                                                <div class=\"panel-body\">\r\n                                                    <p>Oui. Les modifications peuvent \u00eatre effectu\u00e9es aussi facilement que sur votre site Web actuel, voire plus facilement. Si une aide suppl\u00e9mentaire est n\u00e9cessaire, nous proposons \u00e9galement une solution pour cela.<\/p>\n                                                <\/div>\r\n                                            <\/div>\r\n                                        <\/div>\r\n                                                                                <div class=\"panel panel-default\">\r\n                                            <div class=\"panel-heading\" role=\"tab\" id=\"heading-1-2\">\r\n                                                <h4 class=\"panel-title\">\r\n                                                    <a role=\"button\" data-toggle=\"collapse\" data-parent=\"#accordion-1\" href=\"#collapse-1-2\" aria-expanded=\"true\" aria-controls=\"collapse-1-2\"><i class=\"more-less icon-plus\"><\/i>Proposez-vous un package pour une conception demand\u00e9es ?<\/a>\r\n                                                <\/h4>\r\n                                            <\/div>\r\n                                            <div id=\"collapse-1-2\" class=\"panel-collapse collapse\" role=\"tabpane-1-2\" aria-labelledby=\"heading-1-2\">\r\n                                                <div class=\"panel-body\">\r\n                                                    <p>La conception de toutes nos produits peut prendre jusqu&#8217;\u00e0 deux semaines, en fonction des modifications demand\u00e9es. Certains prennent g\u00e9n\u00e9ralement le plus de temps, environ une semaine, en raison du fait qu&#8217;elles offrent tellement de choses \u00e0 utiliser pour les propri\u00e9taires d&#8217;entreprise.<\/p>\n                                                <\/div>\r\n                                            <\/div>\r\n                                        <\/div>\r\n                                                                    <\/div>\r\n                        <\/div>\r\n                        <!-- End of .accordion-section -->\r\n                    <\/div>\r\n                                        <div class=\"faqs-content faqs-content2\">\r\n                        <h2 class=\"b-clor\">FAQs: Developpement<\/h2>\r\n                        <hr class=\"dark-line\">\r\n                        <div class=\"accordion-section\">\r\n                            <div class=\"panel-group\" id=\"accordion-2\" role=\"tablist\" aria-multiselectable=\"true\">\r\n                                                                        <div class=\"panel panel-default\">\r\n                                            <div class=\"panel-heading\" role=\"tab\" id=\"heading-2-1\">\r\n                                                <h4 class=\"panel-title\">\r\n                                                    <a role=\"button\" data-toggle=\"collapse\" data-parent=\"#accordion-2\" href=\"#collapse-2-1\" aria-expanded=\"true\" aria-controls=\"collapse-2-1\"><i class=\"more-less icon-plus\"><\/i>Un suivi est-il disponible pour les sites Web mobiles comme un site Web classique\u00a0?<\/a>\r\n                                                <\/h4>\r\n                                            <\/div>\r\n                                            <div id=\"collapse-2-1\" class=\"panel-collapse collapse\" role=\"tabpane-2-1\" aria-labelledby=\"heading-2-1\">\r\n                                                <div class=\"panel-body\">\r\n                                                    <p>Oui, nous pouvons configurer l&#8217;analyse mobile comme vous le verriez sur Google Analytics pour votre site Web habituel.<\/p>\n                                                <\/div>\r\n                                            <\/div>\r\n                                        <\/div>\r\n                                                                                <div class=\"panel panel-default\">\r\n                                            <div class=\"panel-heading\" role=\"tab\" id=\"heading-2-2\">\r\n                                                <h4 class=\"panel-title\">\r\n                                                    <a role=\"button\" data-toggle=\"collapse\" data-parent=\"#accordion-2\" href=\"#collapse-2-2\" aria-expanded=\"true\" aria-controls=\"collapse-2-2\"><i class=\"more-less icon-plus\"><\/i>Quel est le prix d&#8217;un site mobile ?<\/a>\r\n                                                <\/h4>\r\n                                            <\/div>\r\n                                            <div id=\"collapse-2-2\" class=\"panel-collapse collapse\" role=\"tabpane-2-2\" aria-labelledby=\"heading-2-2\">\r\n                                                <div class=\"panel-body\">\r\n                                                    <p>Le co\u00fbt d&#8217;un site Web mobile est bien inf\u00e9rieur \u00e0 celui d&#8217;une conception de site Web enti\u00e8rement personnalis\u00e9e, alors appelez-nous pour une consultation gratuite afin que nous puissions d\u00e9terminer quels sont vos besoins et vous fournir un devis.<\/p>\n                                                <\/div>\r\n                                            <\/div>\r\n                                        <\/div>\r\n                                                                    <\/div>\r\n                        <\/div>\r\n                        <!-- End of .accordion-section -->\r\n                    <\/div>\r\n                                        <div class=\"faqs-content faqs-content2\">\r\n                        <h2 class=\"b-clor\">FAQs: Questions et r\u00e9ponses<\/h2>\r\n                        <hr class=\"dark-line\">\r\n                        <div class=\"accordion-section\">\r\n                            <div class=\"panel-group\" id=\"accordion-3\" role=\"tablist\" aria-multiselectable=\"true\">\r\n                                                                        <div class=\"panel panel-default\">\r\n                                            <div class=\"panel-heading\" role=\"tab\" id=\"heading-3-1\">\r\n                                                <h4 class=\"panel-title\">\r\n                                                    <a role=\"button\" data-toggle=\"collapse\" data-parent=\"#accordion-3\" href=\"#collapse-3-1\" aria-expanded=\"true\" aria-controls=\"collapse-3-1\"><i class=\"more-less icon-plus\"><\/i>Les rapports sont-ils inclus dans tous les services de marketing en ligne que nous proposons\u00a0?<\/a>\r\n                                                <\/h4>\r\n                                            <\/div>\r\n                                            <div id=\"collapse-3-1\" class=\"panel-collapse collapse\" role=\"tabpane-3-1\" aria-labelledby=\"heading-3-1\">\r\n                                                <div class=\"panel-body\">\r\n                                                    <p>Oui. Les modifications peuvent \u00eatre effectu\u00e9es aussi facilement que sur votre site Web actuel, voire plus facilement. Si une aide suppl\u00e9mentaire est n\u00e9cessaire, nous proposons \u00e9galement une solution pour cela.<\/p>\n                                                <\/div>\r\n                                            <\/div>\r\n                                        <\/div>\r\n                                                                                <div class=\"panel panel-default\">\r\n                                            <div class=\"panel-heading\" role=\"tab\" id=\"heading-3-2\">\r\n                                                <h4 class=\"panel-title\">\r\n                                                    <a role=\"button\" data-toggle=\"collapse\" data-parent=\"#accordion-3\" href=\"#collapse-3-2\" aria-expanded=\"true\" aria-controls=\"collapse-3-2\"><i class=\"more-less icon-plus\"><\/i>Qu&#8217;est-ce qu&#8217;un rapport en temps r\u00e9el\u00a0?<\/a>\r\n                                                <\/h4>\r\n                                            <\/div>\r\n                                            <div id=\"collapse-3-2\" class=\"panel-collapse collapse\" role=\"tabpane-3-2\" aria-labelledby=\"heading-3-2\">\r\n                                                <div class=\"panel-body\">\r\n                                                    <p>Les modifications peuvent \u00eatre effectu\u00e9es aussi facilement que sur votre site Web actuel, voire plus facilement. Si une aide suppl\u00e9mentaire est n\u00e9cessaire, nous proposons \u00e9galement une solution pour cela.<\/p>\n                                                <\/div>\r\n                                            <\/div>\r\n                                        <\/div>\r\n                                                                                <div class=\"panel panel-default\">\r\n                                            <div class=\"panel-heading\" role=\"tab\" id=\"heading-3-3\">\r\n                                                <h4 class=\"panel-title\">\r\n                                                    <a role=\"button\" data-toggle=\"collapse\" data-parent=\"#accordion-3\" href=\"#collapse-3-3\" aria-expanded=\"true\" aria-controls=\"collapse-3-3\"><i class=\"more-less icon-plus\"><\/i>Puis-je entendre mon personnel et le client qui appelle dans mon entreprise ?<\/a>\r\n                                                <\/h4>\r\n                                            <\/div>\r\n                                            <div id=\"collapse-3-3\" class=\"panel-collapse collapse\" role=\"tabpane-3-3\" aria-labelledby=\"heading-3-3\">\r\n                                                <div class=\"panel-body\">\r\n                                                    <p>La r\u00e9ponse \u00e0 cette question d\u00e9pendra de plusieurs facteurs, nous pr\u00e9f\u00e9rons donc parler directement avec vous pour nous assurer de r\u00e9pondre \u00e0 cette question le plus pr\u00e9cis\u00e9ment possible. Merci de votre compr\u00e9hension.<\/p>\n                                                <\/div>\r\n                                            <\/div>\r\n                                        <\/div>\r\n                                                                                <div class=\"panel panel-default\">\r\n                                            <div class=\"panel-heading\" role=\"tab\" id=\"heading-3-4\">\r\n                                                <h4 class=\"panel-title\">\r\n                                                    <a role=\"button\" data-toggle=\"collapse\" data-parent=\"#accordion-3\" href=\"#collapse-3-4\" aria-expanded=\"true\" aria-controls=\"collapse-3-4\"><i class=\"more-less icon-plus\"><\/i>Comment pouvons nous vous contacter rapidement ?<\/a>\r\n                                                <\/h4>\r\n                                            <\/div>\r\n                                            <div id=\"collapse-3-4\" class=\"panel-collapse collapse\" role=\"tabpane-3-4\" aria-labelledby=\"heading-3-4\">\r\n                                                <div class=\"panel-body\">\r\n                                                    <p>Nous sommes disponibles sur Facebook, Twitter, YouTube et LinkedIn.<\/p>\n                                                <\/div>\r\n                                            <\/div>\r\n                                        <\/div>\r\n                                                                                <div class=\"panel panel-default\">\r\n                                            <div class=\"panel-heading\" role=\"tab\" id=\"heading-3-5\">\r\n                                                <h4 class=\"panel-title\">\r\n                                                    <a role=\"button\" data-toggle=\"collapse\" data-parent=\"#accordion-3\" href=\"#collapse-3-5\" aria-expanded=\"true\" aria-controls=\"collapse-3-5\"><i class=\"more-less icon-plus\"><\/i>Quels sont les logiciels les plus demand\u00e9s ?<\/a>\r\n                                                <\/h4>\r\n                                            <\/div>\r\n                                            <div id=\"collapse-3-5\" class=\"panel-collapse collapse\" role=\"tabpane-3-5\" aria-labelledby=\"heading-3-5\">\r\n                                                <div class=\"panel-body\">\r\n                                                    <p>SilabMed, TSMedicis, Sysgestock et SilabMedLite sont les plus demand\u00e9s. Contactez-nous pour \u00a0plus d&#8217;informations.<\/p>\n                                                <\/div>\r\n                                            <\/div>\r\n                                        <\/div>\r\n                                                                    <\/div>\r\n                        <\/div>\r\n                        <!-- End of .accordion-section -->\r\n                    <\/div>\r\n                    <\/div><\/div><\/div><\/div><div class=\"vc_row wpb_row vc_row-fluid faqs\"><div class=\"wpb_column vc_column_container vc_col-sm-12\"><div class=\"vc_column-inner\"><div class=\"wpb_wrapper\"><\/div><\/div><\/div><\/div>","protected":false},"excerpt":{"rendered":"SilabMed, TSMedicis, Sysgestock and SilabMedLite are the most requested. Contact us for more information.","protected":false},"author":1,"featured_media":2453,"parent":0,"menu_order":0,"comment_status":"closed","ping_status":"closed","template":"template-modernpage.php","meta":[],"aioseo_notices":[],"_links":{"self":[{"href":"\/fr\/wp-json\/wp\/v2\/pages\/1859"}],"collection":[{"href":"\/fr\/wp-json\/wp\/v2\/pages"}],"about":[{"href":"\/fr\/wp-json\/wp\/v2\/types\/page"}],"author":[{"embeddable":true,"href":"\/fr\/wp-json\/wp\/v2\/users\/1"}],"replies":[{"embeddable":true,"href":"\/fr\/wp-json\/wp\/v2\/comments?post=1859"}],"version-history":[{"count":3,"href":"\/fr\/wp-json\/wp\/v2\/pages\/1859\/revisions"}],"predecessor-version":[{"id":3237,"href":"\/fr\/wp-json\/wp\/v2\/pages\/1859\/revisions\/3237"}],"wp:featuredmedia":[{"embeddable":true,"href":"\/fr\/wp-json\/wp\/v2\/media\/2453"}],"wp:attachment":[{"href":"\/fr\/wp-json\/wp\/v2\/media?parent=1859"}],"curies":[{"name":"wp","href":"https:\/\/api.w.org\/{rel}","templated":true}]}}