{"id":2914,"date":"2017-06-09T22:10:06","date_gmt":"2017-06-09T22:10:06","guid":{"rendered":"http:\/\/themes.axilweb.com\/wp\/cynic\/modern-big-digital-agency\/?page_id=8"},"modified":"2022-10-11T14:51:12","modified_gmt":"2022-10-11T14:51:12","slug":"etude-de-cas","status":"publish","type":"page","link":"\/fr\/etude-de-cas\/","title":{"rendered":"Etude de Cas"},"content":{"rendered":"<div class=\"vc_row wpb_row vc_row-fluid case-studies-content\"><div class=\"case-study-box wpb_column vc_column_container vc_col-sm-12\"><div class=\"vc_column-inner\"><div class=\"wpb_wrapper\"><div class=\"vc_empty_space\"   style=\"height: 32px\"><span class=\"vc_empty_space_inner\"><\/span><\/div><\/div><\/div><\/div><\/div><div class=\"vc_row wpb_row vc_row-fluid case-studies-content\"><div class=\"case-study-box wpb_column vc_column_container vc_col-sm-12\"><div class=\"vc_column-inner\"><div class=\"wpb_wrapper\">            <div class=\"row\">\r\n                                    <div class=\"col-xs-12 col-sm-4\">\r\n                        <div class=\"box-content-with-img margin-btm-60 equalheight\"> \r\n                            <img width=\"360\" height=\"208\" src=\"https:\/\/tainosystems.com\/wp-content\/uploads\/2018\/01\/tsmed12-360x208.jpg\" class=\"img-responsive wp-post-image\" alt=\"\" loading=\"lazy\" \/>                            <div class=\"box-content-text\">\r\n                                <h3 class=\"semi-bold\"><a href=\"\/fr\/case-study\/resultats-en-ligne\/\">R\u00e9sultats en ligne<\/a><\/h3>\r\n                                <p>Un client en Ha\u00efti dirige un laboratoire m\u00e9dical de r\u00e9f\u00e9rence desservant des milliers de clients et supervisant plusieurs employ\u00e9s dans un milieu hospitalier.<\/p>\n                                <a href=\"\/fr\/case-study\/resultats-en-ligne\/\" class=\"medium-btn2 btn btn-fill\">VIEW DETAILS<\/a>\r\n                            <\/div>\r\n                        <\/div>\r\n                    <\/div>\r\n                                        <div class=\"col-xs-12 col-sm-4\">\r\n                        <div class=\"box-content-with-img margin-btm-60 equalheight\"> \r\n                            <img width=\"360\" height=\"208\" src=\"https:\/\/tainosystems.com\/wp-content\/uploads\/2018\/01\/tsmed-360x208.jpg\" class=\"img-responsive wp-post-image\" alt=\"\" loading=\"lazy\" \/>                            <div class=\"box-content-text\">\r\n                                <h3 class=\"semi-bold\"><a href=\"\/fr\/case-study\/dme\/\">Dossier Medical Electronique<\/a><\/h3>\r\n                                <p>Le dossier m\u00e9dical \u00e9lectronique (DME) est la version num\u00e9rique d\u2019un dossier papier qui contient tous vos ant\u00e9c\u00e9dents m\u00e9dicaux.<\/p>\n                                <a href=\"\/fr\/case-study\/dme\/\" class=\"medium-btn2 btn btn-fill\">VIEW DETAILS<\/a>\r\n                            <\/div>\r\n                        <\/div>\r\n                    <\/div>\r\n                                        <div class=\"col-xs-12 col-sm-4\">\r\n                        <div class=\"box-content-with-img margin-btm-60 equalheight\"> \r\n                            <img width=\"360\" height=\"208\" src=\"https:\/\/tainosystems.com\/wp-content\/uploads\/2017\/06\/shutterstock_1745790608-1-360x208.jpg\" class=\"img-responsive wp-post-image\" alt=\"\" loading=\"lazy\" \/>                            <div class=\"box-content-text\">\r\n                                <h3 class=\"semi-bold\"><a href=\"\/fr\/case-study\/erp\/\">Planification des ressources d'entreprise<\/a><\/h3>\r\n                                <p>Un client en Ha\u00efti dirige une entreprise de r\u00e9ception et de vente de marchandises aux clients. L'op\u00e9ration est grande, des navires entrent dans le port et ses employ\u00e9s d\u00e9chargent des marchandises.<\/p>\n                                <a href=\"\/fr\/case-study\/erp\/\" class=\"medium-btn2 btn btn-fill\">VIEW DETAILS<\/a>\r\n                            <\/div>\r\n                        <\/div>\r\n                    <\/div>\r\n                                <\/div><!--row-->\r\n            <\/div><\/div><\/div><\/div>","protected":false},"excerpt":{"rendered":"A customer in Haiti runs a business receiving and selling goods to customers. The operation is big, ships are entering the port and its employees are unloading goods. Some goods are sold at the port and others are packed into trucks for storage in warehouses. The complexity of this business demanded a solution to minimize","protected":false},"author":1,"featured_media":2467,"parent":0,"menu_order":0,"comment_status":"closed","ping_status":"closed","template":"template-modernpage.php","meta":[],"aioseo_notices":[],"_links":{"self":[{"href":"\/fr\/wp-json\/wp\/v2\/pages\/2914"}],"collection":[{"href":"\/fr\/wp-json\/wp\/v2\/pages"}],"about":[{"href":"\/fr\/wp-json\/wp\/v2\/types\/page"}],"author":[{"embeddable":true,"href":"\/fr\/wp-json\/wp\/v2\/users\/1"}],"replies":[{"embeddable":true,"href":"\/fr\/wp-json\/wp\/v2\/comments?post=2914"}],"version-history":[{"count":11,"href":"\/fr\/wp-json\/wp\/v2\/pages\/2914\/revisions"}],"predecessor-version":[{"id":3246,"href":"\/fr\/wp-json\/wp\/v2\/pages\/2914\/revisions\/3246"}],"wp:featuredmedia":[{"embeddable":true,"href":"\/fr\/wp-json\/wp\/v2\/media\/2467"}],"wp:attachment":[{"href":"\/fr\/wp-json\/wp\/v2\/media?parent=2914"}],"curies":[{"name":"wp","href":"https:\/\/api.w.org\/{rel}","templated":true}]}}