{"id":3649,"date":"2022-04-04T17:24:28","date_gmt":"2022-04-04T17:24:28","guid":{"rendered":"https:\/\/tainosystems.com\/?page_id=3649"},"modified":"2022-04-05T19:59:06","modified_gmt":"2022-04-05T19:59:06","slug":"tsmedicis","status":"publish","type":"page","link":"\/fr\/tsmedicis\/","title":{"rendered":"TSMEDICIS"},"content":{"rendered":"<div id=\"big-data-analytics\" class=\"vc_row wpb_row vc_row-fluid bg-white concepts\"><div class=\"wpb_column vc_column_container vc_col-sm-12\"><div class=\"vc_column-inner\"><div class=\"wpb_wrapper\">        <h2  class=\"b-clor\">TSMEDICIS<\/h2>\r\n                <!-- End of .faqs-content -->\r\n        <div class=\"row flex-wrapper\">\r\n            <div class=\"col-sm-6\">\r\n                <div class=\"img-container\">\r\n                    <img src=\"https:\/\/tainosystems.com\/wp-content\/uploads\/2018\/01\/tsmedicis.jpg\" class=\"img-responsive\" alt=\"generic-img\">\r\n                <\/div>\r\n            <\/div>\r\n            <div class=\"col-sm-6 flex-content flex-left\">\r\n                <div class=\"content text-left\">\r\n                    <h3>Vos patients se plaignent de la lenteur de vos services ?<\/h3>\r\n                    <p>TSMEDICIS est la meilleure solution &agrave; votre besoin d'ordre m&eacute;dical.&lt;\/p&gt;\n&lt;p&gt;Slogan: ``Less Time, More Services``.<\/p>\r\n                    <ul>\r\n                                                        <li><i class=\"icon-checkmark-circle\"><\/i> Un logiciel dossier de sant\u00e9 \u00e9lectronique pour g\u00e9rer tous les aspects de votre environnement m\u00e9dical.<\/p><\/li>\r\n                                                                <li><i class=\"icon-checkmark-circle\"><\/i> \n<p>TSMEDICIS est un logiciel complet de gestion des dossiers m\u00e9dicaux des patients, con\u00e7u pour augmenter la vitesse, la productivit\u00e9 et la rentabilit\u00e9 de votre clinique. Les dossiers des patients sont la boussole qui guide les d\u00e9cisions des m\u00e9decins. Il est donc essentiel pour toute clinique m\u00e9dicale d'optimiser ses services en int\u00e9grant un syst\u00e8me de gestion informatis\u00e9.<\/p><\/li>\r\n                                                                <li><i class=\"icon-checkmark-circle\"><\/i> \n<p>TSMEDICIS est conforme aux derni\u00e8res r\u00e9glementations en mati\u00e8re m\u00e9dicale. Sa modularit\u00e9, ainsi que sa capacit\u00e9 \u00e0 s'int\u00e9grer \u00e0 d'autres logiciels, permet une efficacit\u00e9 prouv\u00e9e et une vitesse de communication sup\u00e9rieure avec les autres utilisateurs.<\/li>\r\n                                                    <\/ul>\r\n                <\/div>\r\n                <!-- End of .content -->\r\n            <\/div>\r\n            <!-- End of .col-sm-6 -->\r\n        <\/div>\r\n        <!-- End of .row -->\r\n        <\/div><\/div><\/div><\/div>","protected":false},"excerpt":{"rendered":"TSMEDICIS Do your patients complain about the slowness of your services? TSMEDICIS is the best solution to your medical need. Slogan: ``Less Time, More Services``. Electronic health record software to manage all aspects of your healthcare environment. TSMEDICIS is comprehensive patient medical record management software designed to increase the speed, productivity and profitability of your","protected":false},"author":1,"featured_media":2994,"parent":0,"menu_order":0,"comment_status":"closed","ping_status":"closed","template":"template-modernpage.php","meta":[],"aioseo_notices":[],"_links":{"self":[{"href":"\/fr\/wp-json\/wp\/v2\/pages\/3649"}],"collection":[{"href":"\/fr\/wp-json\/wp\/v2\/pages"}],"about":[{"href":"\/fr\/wp-json\/wp\/v2\/types\/page"}],"author":[{"embeddable":true,"href":"\/fr\/wp-json\/wp\/v2\/users\/1"}],"replies":[{"embeddable":true,"href":"\/fr\/wp-json\/wp\/v2\/comments?post=3649"}],"version-history":[{"count":9,"href":"\/fr\/wp-json\/wp\/v2\/pages\/3649\/revisions"}],"predecessor-version":[{"id":3687,"href":"\/fr\/wp-json\/wp\/v2\/pages\/3649\/revisions\/3687"}],"wp:featuredmedia":[{"embeddable":true,"href":"\/fr\/wp-json\/wp\/v2\/media\/2994"}],"wp:attachment":[{"href":"\/fr\/wp-json\/wp\/v2\/media?parent=3649"}],"curies":[{"name":"wp","href":"https:\/\/api.w.org\/{rel}","templated":true}]}}