{"id":3656,"date":"2022-04-04T19:26:49","date_gmt":"2022-04-04T19:26:49","guid":{"rendered":"https:\/\/tainosystems.com\/?page_id=3656"},"modified":"2024-09-11T07:12:46","modified_gmt":"2024-09-11T11:12:46","slug":"silabmedlite","status":"publish","type":"page","link":"\/fr\/silabmedlite\/","title":{"rendered":"SILABMEDLITE"},"content":{"rendered":"<div id=\"big-data-analytics\" class=\"vc_row wpb_row vc_row-fluid bg-white concepts\"><div class=\"wpb_column vc_column_container vc_col-sm-12\"><div class=\"vc_column-inner\"><div class=\"wpb_wrapper\">        <h2  class=\"b-clor\">SILABMEDLITE<\/h2>\r\n                <!-- End of .faqs-content -->\r\n        <div class=\"row flex-wrapper\">\r\n            <div class=\"col-sm-6\">\r\n                <div class=\"img-container\">\r\n                    <img src=\"https:\/\/tainosystems.com\/wp-content\/uploads\/2021\/07\/VACCIN-COVID-19-1.jpg\" class=\"img-responsive\" alt=\"generic-img\">\r\n                <\/div>\r\n            <\/div>\r\n            <div class=\"col-sm-6 flex-content flex-left\">\r\n                <div class=\"content text-left\">\r\n                    <h3>POURQUOI CHOISIR SILABMEDLITE ?<\/h3>\r\n                    <p>Cette application permet aux laboratoires m\u00e9dicales de faire la gestion du d\u00e9pistage de la COVID, de g\u00e9rer les d\u00e9pist\u00e9s et de fournir les r\u00e9sultats aux autorit\u00e9s comp\u00e9tentes.<\/p>\r\n                    <ul>\r\n                                            <\/ul>\r\n                <\/div>\r\n                <!-- End of .content -->\r\n            <\/div>\r\n            <!-- End of .col-sm-6 -->\r\n        <\/div>\r\n        <!-- End of .row -->\r\n        <div class=\"vc_row wpb_row vc_inner vc_row-fluid\"><div class=\"wpb_column vc_column_container vc_col-sm-10\"><div class=\"vc_column-inner\"><div class=\"wpb_wrapper\">        <h2  class=\"b-clor\">SILABMEDLITE&#039;S FEATURES<\/h2>\r\n        <\/div><\/div><\/div><div class=\"wpb_column vc_column_container vc_col-sm-2\"><div class=\"vc_column-inner\"><div class=\"wpb_wrapper\"><div class=\"vc_btn3-container vc_btn3-right\" ><a class=\"vc_general vc_btn3 vc_btn3-size-md vc_btn3-shape-rounded vc_btn3-style-outline vc_btn3-icon-right vc_btn3-color-primary\" href=\"https:\/\/silabmed.com\/index.php\/en\/medical-software-pricing\/silabmed-lite-pricing\" title=\"\" target=\"_blank\">Obtenir un Devis <i class=\"vc_btn3-icon fas fa-arrow-right\"><\/i><\/a><\/div><\/div><\/div><\/div><\/div><div class=\"vc_row wpb_row vc_inner vc_row-fluid\"><div class=\"wpb_column vc_column_container vc_col-sm-4\"><div class=\"vc_column-inner\"><div class=\"wpb_wrapper\">        <div class=\"service-box\">\r\n            <div class=\"box-green-border equalheight\"> <div class=\"service-title-section\"><span class=\"fa fas fa-server\"><\/span>\r\n                <div class=\"service-title\">Entreposage de donn\u00e9es et exploration de donn\u00e9es<\/div><\/div>\n<p style=\"text-align: justify\">SilabmedLite propose des entrep\u00f4ts de donn\u00e9es \u00e0 distance pour la sauvegarde des donn\u00e9es, mais utilise \u00e9galement un proc\u00e9d\u00e9 extr\u00eamement puissant (m\u00e9thode algorithmique) pour s\u00e9curiser ces donn\u00e9es.<\/p>\n<p>\n                            <\/div>\r\n        <\/div>\r\n        <\/div><\/div><\/div><div class=\"wpb_column vc_column_container vc_col-sm-4\"><div class=\"vc_column-inner\"><div class=\"wpb_wrapper\">        <div class=\"service-box\">\r\n            <div class=\"box-green-border equalheight\"> <div class=\"service-title-section\"><span class=\"fa far fa-money-bill-alt\"><\/span>\r\n                <div class=\"service-title\">Facturation<\/div><\/div>\n<p style=\"text-align: justify\">Cette fonction vous permet de facturer vos clients.<\/p>\n<p>\n                            <\/div>\r\n        <\/div>\r\n        <\/div><\/div><\/div><div class=\"wpb_column vc_column_container vc_col-sm-4\"><div class=\"vc_column-inner\"><div class=\"wpb_wrapper\">        <div class=\"service-box\">\r\n            <div class=\"box-green-border equalheight\"> <div class=\"service-title-section\"><span class=\"icon-users\"><\/span>\r\n                <div class=\"service-title\">Gestion des patients<\/div><\/div>\n<p style=\"text-align: justify\">Les fonctions standard permettent l'enregistrement, la visualisation, la modification et la suppression des patients, des m\u00e9decins et des institutions affili\u00e9es \u00e0 un laboratoire.<\/p>\n<p>\n                            <\/div>\r\n        <\/div>\r\n        <\/div><\/div><\/div><\/div><div class=\"vc_row wpb_row vc_inner vc_row-fluid\"><div class=\"wpb_column vc_column_container vc_col-sm-4\"><div class=\"vc_column-inner\"><div class=\"wpb_wrapper\">        <div class=\"service-box\">\r\n            <div class=\"box-green-border equalheight\"> <div class=\"service-title-section\"><span class=\"icon-pictures\"><\/span>\r\n                <div class=\"service-title\">Portail de validation des r\u00e9sultats<\/div><\/div>\n<p style=\"text-align: justify\">Lorsque vous achetez SilabmedLite, vous disposez d'un portail web sur lequel les r\u00e9sultats des tests sont automatiquement envoy\u00e9s, ce qui permet aux clients du laboratoire d'acc\u00e9der presque instantan\u00e9ment \u00e0 leurs r\u00e9sultats via Internet ou de valider le r\u00e9sultat d'un patient.<\/p>\n<p>\n                            <\/div>\r\n        <\/div>\r\n        <\/div><\/div><\/div><div class=\"wpb_column vc_column_container vc_col-sm-4\"><div class=\"vc_column-inner\"><div class=\"wpb_wrapper\">        <div class=\"service-box\">\r\n            <div class=\"box-green-border equalheight\"> <div class=\"service-title-section\"><span class=\"fa fas fa-qrcode\"><\/span>\r\n                <div class=\"service-title\">Identification du code QR<\/div><\/div>\n<p style=\"text-align: justify\">Cette fonction permet d'identifier chaque r\u00e9sultat associ\u00e9 \u00e0 un patient par un num\u00e9ro de code QR (Quick Response code) g\u00e9n\u00e9r\u00e9 automatiquement par SilabmedLite.<\/p>\n<p>\n                            <\/div>\r\n        <\/div>\r\n        <\/div><\/div><\/div><div class=\"wpb_column vc_column_container vc_col-sm-4\"><div class=\"vc_column-inner\"><div class=\"wpb_wrapper\">        <div class=\"service-box\">\r\n            <div class=\"box-green-border equalheight\"> <div class=\"service-title-section\"><span class=\"fa fas fa-print\"><\/span>\r\n                <div class=\"service-title\">Imprimer et envoyer des rapports par courriel<\/div><\/div>\n<p style=\"text-align: justify\">SilabmedLite g\u00e8re \u00e9galement l'impression sur diff\u00e9rents types d'appareils. SilabmedLite a \u00e9galement la possibilit\u00e9 d'envoyer des informations et des analyses aux patients et \u00e0 d'autres parties par e-mail.<\/p>\n<p>\n                            <\/div>\r\n        <\/div>\r\n        <\/div><\/div><\/div><\/div><\/div><\/div><\/div><\/div>","protected":false},"excerpt":{"rendered":"SILABMEDLITE WHY CHOOSE SILABMEDLITE ? This application allows medical laboratories to manage the COVID screening, to manage those screened and to provide the results to the competent authorities. SILABMEDLITE&#039;S FEATURES Get A Quote Data warehousing and data mining SilabmedLite offers remote data warehouses for data backup, but also uses an extremely powerful process (algorithmic method)","protected":false},"author":1,"featured_media":3661,"parent":0,"menu_order":0,"comment_status":"closed","ping_status":"closed","template":"template-modernpage.php","meta":[],"aioseo_notices":[],"_links":{"self":[{"href":"\/fr\/wp-json\/wp\/v2\/pages\/3656"}],"collection":[{"href":"\/fr\/wp-json\/wp\/v2\/pages"}],"about":[{"href":"\/fr\/wp-json\/wp\/v2\/types\/page"}],"author":[{"embeddable":true,"href":"\/fr\/wp-json\/wp\/v2\/users\/1"}],"replies":[{"embeddable":true,"href":"\/fr\/wp-json\/wp\/v2\/comments?post=3656"}],"version-history":[{"count":13,"href":"\/fr\/wp-json\/wp\/v2\/pages\/3656\/revisions"}],"predecessor-version":[{"id":3803,"href":"\/fr\/wp-json\/wp\/v2\/pages\/3656\/revisions\/3803"}],"wp:featuredmedia":[{"embeddable":true,"href":"\/fr\/wp-json\/wp\/v2\/media\/3661"}],"wp:attachment":[{"href":"\/fr\/wp-json\/wp\/v2\/media?parent=3656"}],"curies":[{"name":"wp","href":"https:\/\/api.w.org\/{rel}","templated":true}]}}