{"id":3670,"date":"2022-04-04T20:35:05","date_gmt":"2022-04-04T20:35:05","guid":{"rendered":"https:\/\/tainosystems.com\/?page_id=3670"},"modified":"2024-09-11T07:14:16","modified_gmt":"2024-09-11T11:14:16","slug":"silabmedlis","status":"publish","type":"page","link":"\/fr\/silabmedlis\/","title":{"rendered":"SILABMED"},"content":{"rendered":"<div id=\"big-data-analytics\" class=\"vc_row wpb_row vc_row-fluid bg-white concepts\"><div class=\"wpb_column vc_column_container vc_col-sm-12\"><div class=\"vc_column-inner\"><div class=\"wpb_wrapper\">        <h2  class=\"b-clor\">SILABMED , A Laboratory Information System<\/h2>\r\n                <!-- End of .faqs-content -->\r\n        <div class=\"row flex-wrapper\">\r\n            <div class=\"col-sm-6\">\r\n                <div class=\"img-container\">\r\n                    <img src=\"https:\/\/tainosystems.com\/wp-content\/uploads\/2018\/01\/shutterstock_245556934-1-scaled.jpg\" class=\"img-responsive\" alt=\"generic-img\">\r\n                <\/div>\r\n            <\/div>\r\n            <div class=\"col-sm-6 flex-content flex-left\">\r\n                <div class=\"content text-left\">\r\n                    <h3>POURQUOI CHOISIR SILABMED ?<\/h3>\r\n                    <p>Silabmed est l'outil id&eacute;al pour r&eacute;pondre &agrave; vos besoins !&lt;\/p&gt;\n&lt;p&gt;Silabmed is comprehensive medical laboratory management software designed to increase the speed, productivity and profitability of your laboratory. The results of a medical laboratory are the compass that guides doctors&amp;#039; decisions. It is therefore essential for any medical laboratory to optimize its services by integrating a computerized management system.<\/p>\r\n                    <ul>\r\n                                                        <li><i class=\"icon-checkmark-circle\"><\/i> Silabmed est conforme aux derni\u00e8res r\u00e9glementations en mati\u00e8re de gestion des laboratoires d'analyses m\u00e9dicales. Sa modularit\u00e9, ainsi que sa capacit\u00e9 \u00e0 s'int\u00e9grer \u00e0 d'autres logiciels, permet une efficacit\u00e9 prouv\u00e9e et une vitesse de communication sup\u00e9rieure avec les autres utilisateurs.<\/li>\r\n                                                                <li><i class=\"icon-checkmark-circle\"><\/i> <\/li>\r\n                                                                <li><i class=\"icon-checkmark-circle\"><\/i> \nPour plus d'informations consulter le site Silabmed.com.<\/li>\r\n                                                    <\/ul>\r\n                <\/div>\r\n                <!-- End of .content -->\r\n            <\/div>\r\n            <!-- End of .col-sm-6 -->\r\n        <\/div>\r\n        <!-- End of .row -->\r\n        <div class=\"vc_row wpb_row vc_inner vc_row-fluid\"><div class=\"wpb_column vc_column_container vc_col-sm-10\"><div class=\"vc_column-inner\"><div class=\"wpb_wrapper\">        <h2  class=\"b-clor\">SILABMED&#039;S FEATURES<\/h2>\r\n        <\/div><\/div><\/div><div class=\"wpb_column vc_column_container vc_col-sm-2\"><div class=\"vc_column-inner\"><div class=\"wpb_wrapper\"><div class=\"vc_btn3-container vc_btn3-right\" ><a class=\"vc_general vc_btn3 vc_btn3-size-md vc_btn3-shape-rounded vc_btn3-style-outline vc_btn3-icon-right vc_btn3-color-primary\" href=\"https:\/\/silabmed.com\/index.php\/en\/medical-software-pricing\/silabmed-lis-pricing\" title=\"\" target=\"_blank\">Obtenir un Devis <i class=\"vc_btn3-icon fas fa-arrow-right\"><\/i><\/a><\/div><\/div><\/div><\/div><\/div><div class=\"vc_row wpb_row vc_inner vc_row-fluid\"><div class=\"wpb_column vc_column_container vc_col-sm-4\"><div class=\"vc_column-inner\"><div class=\"wpb_wrapper\">        <div class=\"service-box\">\r\n            <div class=\"box-green-border equalheight\"> <div class=\"service-title-section\"><span class=\"fa fas fa-vials\"><\/span>\r\n                <div class=\"service-title\">Contr\u00f4le de la qualit\u00e9 \/ approbation<\/div><\/div>\n<p style=\"text-align: justify\">L'AQ est une fonction de Silabmed qui aide les techniciens \u00e0 contr\u00f4ler le processus d'analyse en laboratoire. En utilisant la charte Levey-Jennings, elle peut \u00e9galement valider les r\u00e9sultats des calculs de laboratoire.<\/p>\n<p>\n                            <\/div>\r\n        <\/div>\r\n        <\/div><\/div><\/div><div class=\"wpb_column vc_column_container vc_col-sm-4\"><div class=\"vc_column-inner\"><div class=\"wpb_wrapper\">        <div class=\"service-box\">\r\n            <div class=\"box-green-border equalheight\"> <div class=\"service-title-section\"><span class=\"fa fas fa-server\"><\/span>\r\n                <div class=\"service-title\">Entreposage de donn\u00e9es et exploration de donn\u00e9es<\/div><\/div>\n<p style=\"text-align: justify\">Silabmed propose des entrep\u00f4ts de donn\u00e9es \u00e0 distance pour la sauvegarde des donn\u00e9es, mais utilise \u00e9galement un proc\u00e9d\u00e9 extr\u00eamement puissant (m\u00e9thode algorithmique) pour s\u00e9curiser ces donn\u00e9es.<\/p>\n<p>\n                            <\/div>\r\n        <\/div>\r\n        <\/div><\/div><\/div><div class=\"wpb_column vc_column_container vc_col-sm-4\"><div class=\"vc_column-inner\"><div class=\"wpb_wrapper\">        <div class=\"service-box\">\r\n            <div class=\"box-green-border equalheight\"> <div class=\"service-title-section\"><span class=\"icon-users\"><\/span>\r\n                <div class=\"service-title\">Gestion des patients, m\u00e9decins et institution affili\u00e9e.<\/div><\/div>\n<p style=\"text-align: justify\">Les fonctions standard permettent l'enregistrement, la visualisation, la modification et la suppression des patients, des m\u00e9decins et des institutions affili\u00e9es \u00e0 un laboratoire.<\/p>\n<p>\n                            <\/div>\r\n        <\/div>\r\n        <\/div><\/div><\/div><\/div><div class=\"vc_row wpb_row vc_inner vc_row-fluid\"><div class=\"wpb_column vc_column_container vc_col-sm-4\"><div class=\"vc_column-inner\"><div class=\"wpb_wrapper\">        <div class=\"service-box\">\r\n            <div class=\"box-green-border equalheight\"> <div class=\"service-title-section\"><span class=\"fa fas fa-paste\"><\/span>\r\n                <div class=\"service-title\">Gestionnaire de Documents<\/div><\/div>\n<p style=\"text-align: justify\">Il est d'une importance vitale dans les laboratoires de garder la trace des documents physiques, et Silabmed a int\u00e9gr\u00e9 cette fonctionnalit\u00e9 qui permet aux utilisateurs de num\u00e9riser et de g\u00e9rer ces documents en les attachant virtuellement aux dossiers correspondants.<\/p>\n<p>\n                            <\/div>\r\n        <\/div>\r\n        <\/div><\/div><\/div><div class=\"wpb_column vc_column_container vc_col-sm-4\"><div class=\"vc_column-inner\"><div class=\"wpb_wrapper\">        <div class=\"service-box\">\r\n            <div class=\"box-green-border equalheight\"> <div class=\"service-title-section\"><span class=\"fa far fa-money-bill-alt\"><\/span>\r\n                <div class=\"service-title\">Facturation \/ Liste de prix multiples<\/div><\/div>\n<p style=\"text-align: justify\">Cette fonction vous permet de facturer vos clients \u00e0 diff\u00e9rents taux. Par exemple : Les clients qui ont une assurance seront factur\u00e9s diff\u00e9remment de ceux qui paient \u00e0 titre priv\u00e9.<\/p>\n<p>\n                            <\/div>\r\n        <\/div>\r\n        <\/div><\/div><\/div><div class=\"wpb_column vc_column_container vc_col-sm-4\"><div class=\"vc_column-inner\"><div class=\"wpb_wrapper\">        <div class=\"service-box\">\r\n            <div class=\"box-green-border equalheight\"> <div class=\"service-title-section\"><span class=\"fa fas fa-flask\"><\/span>\r\n                <div class=\"service-title\">Interface des instruments de laboratoire<\/div><\/div>\n<p style=\"text-align: justify\">Silabmed est un syst\u00e8me d'information de laboratoire (SIL) complet qui dispose de plusieurs pilotes pour la communication avec les diff\u00e9rents appareils du laboratoire. Il est ainsi facile d'envoyer des tests depuis Silabmed et de recevoir les r\u00e9sultats des tests depuis l'appareil.<\/p>\n<p>\n                            <\/div>\r\n        <\/div>\r\n        <\/div><\/div><\/div><\/div><div class=\"vc_row wpb_row vc_inner vc_row-fluid\"><div class=\"wpb_column vc_column_container vc_col-sm-4\"><div class=\"vc_column-inner\"><div class=\"wpb_wrapper\">        <div class=\"service-box\">\r\n            <div class=\"box-green-border equalheight\"> <div class=\"service-title-section\"><span class=\"icon-pictures\"><\/span>\r\n                <div class=\"service-title\">Portails pour les patients et les laboratoires<\/div><\/div>\n<p style=\"text-align: justify\">Lorsque vous achetez Silabmed, vous b\u00e9n\u00e9ficiez automatiquement d'un portail Internet dont le nom de domaine correspond au nom de votre laboratoire. Les r\u00e9sultats des tests sont automatiquement envoy\u00e9s sur ce portail, ce qui permet aux clients du laboratoire d'avoir un acc\u00e8s quasi instantan\u00e9 \u00e0 leurs r\u00e9sultats via Internet.<\/p>\n<p>\n                            <\/div>\r\n        <\/div>\r\n        <\/div><\/div><\/div><div class=\"wpb_column vc_column_container vc_col-sm-4\"><div class=\"vc_column-inner\"><div class=\"wpb_wrapper\">        <div class=\"service-box\">\r\n            <div class=\"box-green-border equalheight\"> <div class=\"service-title-section\"><span class=\"fa fas fa-qrcode\"><\/span>\r\n                <div class=\"service-title\">Identification des codes-barres<\/div><\/div>\n<p style=\"text-align: justify\">Cette fonction permet d'identifier chaque \u00e9chantillon par un num\u00e9ro de code-barres g\u00e9n\u00e9r\u00e9 automatiquement par Silabmed.<\/p>\n<p>\n                            <\/div>\r\n        <\/div>\r\n        <\/div><\/div><\/div><div class=\"wpb_column vc_column_container vc_col-sm-4\"><div class=\"vc_column-inner\"><div class=\"wpb_wrapper\">        <div class=\"service-box\">\r\n            <div class=\"box-green-border equalheight\"> <div class=\"service-title-section\"><span class=\"fa fas fa-print\"><\/span>\r\n                <div class=\"service-title\">Impression, t\u00e9l\u00e9copie et rapports par courriel<\/div><\/div>\n<p style=\"text-align: justify\">Silabmed g\u00e8re \u00e9galement l'impression sur diff\u00e9rents types de dispositifs, qu'il s'agisse d'imprimantes normales ou d'imprimantes \u00e0 codes-barres. Silabmed a \u00e9galement la possibilit\u00e9 de faxer ou d'envoyer par e-mail des informations et des analyses aux patients, aux m\u00e9decins et \u00e0 d'autres parties.<\/p>\n<p>\n                            <\/div>\r\n        <\/div>\r\n        <\/div><\/div><\/div><\/div><\/div><\/div><\/div><\/div>","protected":false},"excerpt":{"rendered":"SILABMED , A Laboratory Information System WHY CHOOSE SILABMED? Silabmed is the ideal tool to meet your needs! Silabmed is comprehensive medical laboratory management software designed to increase the speed, productivity and profitability of your laboratory. The results of a medical laboratory are the compass that guides doctors&#039; decisions. It is therefore essential for any","protected":false},"author":1,"featured_media":3661,"parent":0,"menu_order":0,"comment_status":"closed","ping_status":"closed","template":"template-modernpage.php","meta":[],"aioseo_notices":[],"_links":{"self":[{"href":"\/fr\/wp-json\/wp\/v2\/pages\/3670"}],"collection":[{"href":"\/fr\/wp-json\/wp\/v2\/pages"}],"about":[{"href":"\/fr\/wp-json\/wp\/v2\/types\/page"}],"author":[{"embeddable":true,"href":"\/fr\/wp-json\/wp\/v2\/users\/1"}],"replies":[{"embeddable":true,"href":"\/fr\/wp-json\/wp\/v2\/comments?post=3670"}],"version-history":[{"count":6,"href":"\/fr\/wp-json\/wp\/v2\/pages\/3670\/revisions"}],"predecessor-version":[{"id":3805,"href":"\/fr\/wp-json\/wp\/v2\/pages\/3670\/revisions\/3805"}],"wp:featuredmedia":[{"embeddable":true,"href":"\/fr\/wp-json\/wp\/v2\/media\/3661"}],"wp:attachment":[{"href":"\/fr\/wp-json\/wp\/v2\/media?parent=3670"}],"curies":[{"name":"wp","href":"https:\/\/api.w.org\/{rel}","templated":true}]}}