{"id":3680,"date":"2022-04-05T19:19:39","date_gmt":"2022-04-05T19:19:39","guid":{"rendered":"https:\/\/tainosystems.com\/?page_id=3680"},"modified":"2024-09-11T07:13:23","modified_gmt":"2024-09-11T11:13:23","slug":"sysgestock","status":"publish","type":"page","link":"\/fr\/sysgestock\/","title":{"rendered":"SYSGESTOCK"},"content":{"rendered":"<div id=\"big-data-analytics\" class=\"vc_row wpb_row vc_row-fluid bg-white concepts\"><div class=\"wpb_column vc_column_container vc_col-sm-12\"><div class=\"vc_column-inner\"><div class=\"wpb_wrapper\">        <h2  class=\"b-clor\">SYSGESTOCK<\/h2>\r\n                <!-- End of .faqs-content -->\r\n        <div class=\"row flex-wrapper\">\r\n            <div class=\"col-sm-6\">\r\n                <div class=\"img-container\">\r\n                    <img src=\"https:\/\/tainosystems.com\/wp-content\/uploads\/2018\/01\/shutterstock_787054072-1-scaled.jpg\" class=\"img-responsive\" alt=\"generic-img\">\r\n                <\/div>\r\n            <\/div>\r\n            <div class=\"col-sm-6 flex-content flex-left\">\r\n                <div class=\"content text-left\">\r\n                    <h3>POURQUOI CHOISIR SYSGESTOCK ?<\/h3>\r\n                    <p>Sysgestock est con\u00e7u pour aider les organisations \u00e0 g\u00e9rer leurs entreprises en croissance, tout en r\u00e9duisant le besoin de multiples plateformes autonomes co\u00fbteuses.  C\u2019est pourquoi nous int\u00e9grons ces caract\u00e9ristiques cl\u00e9s:<\/p>\r\n                    <ul>\r\n                                            <\/ul>\r\n                <\/div>\r\n                <!-- End of .content -->\r\n            <\/div>\r\n            <!-- End of .col-sm-6 -->\r\n        <\/div>\r\n        <!-- End of .row -->\r\n        <div class=\"vc_row wpb_row vc_inner vc_row-fluid\"><div class=\"wpb_column vc_column_container vc_col-sm-10\"><div class=\"vc_column-inner\"><div class=\"wpb_wrapper\">        <h2  class=\"b-clor\">SYSGESTOCK&#039;S FEATURES<\/h2>\r\n        <\/div><\/div><\/div><div class=\"wpb_column vc_column_container vc_col-sm-2\"><div class=\"vc_column-inner\"><div class=\"wpb_wrapper\"><div class=\"vc_btn3-container vc_btn3-right\" ><a class=\"vc_general vc_btn3 vc_btn3-size-md vc_btn3-shape-rounded vc_btn3-style-outline vc_btn3-icon-right vc_btn3-color-primary\" href=\"https:\/\/sysgestock.com\/elements\/pricing\/\" title=\"\" target=\"_blank\">Obtenir un Devis <i class=\"vc_btn3-icon fas fa-arrow-right\"><\/i><\/a><\/div><\/div><\/div><\/div><\/div><div class=\"vc_row wpb_row vc_inner vc_row-fluid\"><div class=\"wpb_column vc_column_container vc_col-sm-6\"><div class=\"vc_column-inner\"><div class=\"wpb_wrapper\">        <div class=\"service-box\">\r\n            <div class=\"box-green-border equalheight\"> <div class=\"service-title-section\"><span class=\"fa fas fa-money-bill-wave\"><\/span>\r\n                <div class=\"service-title\">Ventes<\/div><\/div>\n<p style=\"text-align: justify\">Les ventes font tourner votre entreprise, et les comprendre en profondeur est ce qui fera cro\u00eetre votre entreprise.  Sysgestock permet aux utilisateurs d\u2019acc\u00e9der en temps r\u00e9el aux donn\u00e9es sur les ventes et les b\u00e9n\u00e9fices, offrant des comparaisons mensuelles pour identifier les tendances du march\u00e9 et planifier les \u00e9v\u00e9nements futurs.<\/p>\n<p>\n                            <\/div>\r\n        <\/div>\r\n        <\/div><\/div><\/div><div class=\"wpb_column vc_column_container vc_col-sm-6\"><div class=\"vc_column-inner\"><div class=\"wpb_wrapper\">        <div class=\"service-box\">\r\n            <div class=\"box-green-border equalheight\"> <div class=\"service-title-section\"><span class=\"icon-cog2\"><\/span>\r\n                <div class=\"service-title\">CRM<\/div><\/div>\n<p style=\"text-align: justify\">\u00c0 mesure que votre client\u00e8le grandit, vous devez trouver une base de donn\u00e9es s\u00e9curis\u00e9e et accessible pour la g\u00e9rer.  Le syst\u00e8me de CRM int\u00e9gr\u00e9 de Sysgestock vous permet d\u2019acc\u00e9der aux informations sur les clients et les fournisseurs en un seul clic, vous gardant pleinement en charge. Plus vous aurez \u00e0 payer pour co\u00fbteux logiciel CRM suppl\u00e9mentaire, Sysgestock a toutes les fonctionnalit\u00e9s dont vous avez besoin, int\u00e9gr\u00e9.<\/p>\n<p>\n                            <\/div>\r\n        <\/div>\r\n        <\/div><\/div><\/div><\/div><div class=\"vc_row wpb_row vc_inner vc_row-fluid\"><div class=\"wpb_column vc_column_container vc_col-sm-6\"><div class=\"vc_column-inner\"><div class=\"wpb_wrapper\">        <div class=\"service-box\">\r\n            <div class=\"box-green-border equalheight\"> <div class=\"service-title-section\"><span class=\"icon-chart-settings\"><\/span>\r\n                <div class=\"service-title\">Gestion d\u2019inventaire<\/div><\/div>\n<p style=\"text-align: justify\">Vous \u00eates peut-\u00eatre en mesure de r\u00e9pondre \u00e0 la demande des clients, mais \u00eates-vous pr\u00eat pour cette prochaine grande commande?  L\u2019outil de gestion des stocks de Sysgestock vous permet non seulement de suivre les ventes actuelles, mais aussi de pr\u00e9voir les tendances d\u2019achat futures en fonction du comportement des clients, ce qui vous permet de planifier vos achats \u00e0 l\u2019avance.<\/p>\n<p>\n                            <\/div>\r\n        <\/div>\r\n        <\/div><\/div><\/div><div class=\"wpb_column vc_column_container vc_col-sm-6\"><div class=\"vc_column-inner\"><div class=\"wpb_wrapper\">        <div class=\"service-box\">\r\n            <div class=\"box-green-border equalheight\"> <div class=\"service-title-section\"><span class=\"fa fab fa-mixcloud\"><\/span>\r\n                <div class=\"service-title\">Bas\u00e9 sur le cloud et optimis\u00e9 pour les mobiles<\/div><\/div>\n<p style=\"text-align: justify\">Les affaires deviennent rapidement num\u00e9riques, alors assurez-vous que le v\u00f4tre est \u00e0 l\u2019\u00e9preuve du futur.  Sysgestock est une plate-forme bas\u00e9e sur le cloud, ce qui signifie que vous pouvez y acc\u00e9der n\u2019importe o\u00f9 depuis n\u2019importe quel appareil.  Que vous travailliez \u00e0 distance ou simplement en d\u00e9placement, vous pouvez rester au fait de vos ventes et de vos clients \u00e0 partir de notre plateforme en ligne s\u00e9curis\u00e9e.<\/p>\n<p>\n                            <\/div>\r\n        <\/div>\r\n        <\/div><\/div><\/div><\/div><\/div><\/div><\/div><\/div>","protected":false},"excerpt":{"rendered":"SYSGESTOCK WHY CHOOSE SYSGESTOCK ? Sysgestock is built to help organisations manage their growing businesses, whilst reducing the need for multiple costly standalone platforms. That\u2019s why we integrate these key features: SYSGESTOCK&#039;S FEATURES Get A Quote Sales Sales make your business run, and understanding them in-depth is what will make your business grow. Sysgestock allows","protected":false},"author":1,"featured_media":3498,"parent":0,"menu_order":0,"comment_status":"closed","ping_status":"closed","template":"template-modernpage.php","meta":[],"aioseo_notices":[],"_links":{"self":[{"href":"\/fr\/wp-json\/wp\/v2\/pages\/3680"}],"collection":[{"href":"\/fr\/wp-json\/wp\/v2\/pages"}],"about":[{"href":"\/fr\/wp-json\/wp\/v2\/types\/page"}],"author":[{"embeddable":true,"href":"\/fr\/wp-json\/wp\/v2\/users\/1"}],"replies":[{"embeddable":true,"href":"\/fr\/wp-json\/wp\/v2\/comments?post=3680"}],"version-history":[{"count":6,"href":"\/fr\/wp-json\/wp\/v2\/pages\/3680\/revisions"}],"predecessor-version":[{"id":3804,"href":"\/fr\/wp-json\/wp\/v2\/pages\/3680\/revisions\/3804"}],"wp:featuredmedia":[{"embeddable":true,"href":"\/fr\/wp-json\/wp\/v2\/media\/3498"}],"wp:attachment":[{"href":"\/fr\/wp-json\/wp\/v2\/media?parent=3680"}],"curies":[{"name":"wp","href":"https:\/\/api.w.org\/{rel}","templated":true}]}}