{"id":86,"date":"2017-06-18T18:47:18","date_gmt":"2017-06-18T18:47:18","guid":{"rendered":"http:\/\/themes.axilweb.com\/wp\/cynic\/modern-big-digital-agency\/?page_id=86"},"modified":"2022-10-05T19:30:11","modified_gmt":"2022-10-05T19:30:11","slug":"about","status":"publish","type":"page","link":"\/fr\/about\/","title":{"rendered":"Apropos"},"content":{"rendered":"<div class=\"vc_row wpb_row vc_row-fluid bg-white\"><div class=\"wpb_column vc_column_container vc_col-sm-12\"><div class=\"vc_column-inner\"><div class=\"wpb_wrapper\">        <h2  class=\"b-clor\">The History of TainoSystems<\/h2>\r\n        <div class=\"vc_row wpb_row vc_inner vc_row-fluid about-content\"><div class=\"wpb_column vc_column_container vc_col-sm-8 vc_col-xs-12\"><div class=\"vc_column-inner\"><div class=\"wpb_wrapper\">\n\t<div class=\"wpb_text_column wpb_content_element\" >\n\t\t<div class=\"wpb_wrapper\">\n\t\t\t<p style=\"text-align: justify;\">Fond\u00e9e en 1998 par Winslas Anilus, <a href=\"\/fr\/\">TainoSystems<\/a> est le fabricant du populaire syst\u00e8me d\u2019information de laboratoire nomm\u00e9 \u201cSilabmed\u201d. Notre Silabmed est connu pour aider les technologues et les gestionnaires de laboratoire \u00e0 fonctionner efficacement. Nous avons r\u00e9ussi \u00e0 aider six grands laboratoires \u00e0 migrer d\u2019un syst\u00e8me papier vers un syst\u00e8me enti\u00e8rement automatique et notamment dans Medlab, un laboratoire tiers qui est pass\u00e9 d\u2019un petit laboratoire \u00e0 l\u2019un des meilleurs laboratoires.<\/p>\n\n\t\t<\/div>\n\t<\/div>\n<\/div><\/div><\/div><div class=\"wpb_column vc_column_container vc_col-sm-4 vc_col-xs-12\"><div class=\"vc_column-inner\"><div class=\"wpb_wrapper\">\n\t<div  class=\"wpb_single_image wpb_content_element vc_align_right\">\n\t\t\n\t\t<figure class=\"wpb_wrapper vc_figure\">\n\t\t\t<div class=\"vc_single_image-wrapper   vc_box_border_grey\"><img width=\"512\" height=\"320\" src=\"https:\/\/tainosystems.com\/wp-content\/uploads\/2021\/05\/acceuil.jpg\" class=\"vc_single_image-img attachment-large\" alt=\"\" loading=\"lazy\" srcset=\"https:\/\/tainosystems.com\/wp-content\/uploads\/2021\/05\/acceuil.jpg 512w, https:\/\/tainosystems.com\/wp-content\/uploads\/2021\/05\/acceuil-300x188.jpg 300w\" sizes=\"(max-width: 512px) 100vw, 512px\" \/><\/div>\n\t\t<\/figure>\n\t<\/div>\n<\/div><\/div><\/div><\/div><\/div><\/div><\/div><\/div><div class=\"vc_row wpb_row vc_row-fluid bg-white\"><div class=\"wpb_column vc_column_container vc_col-sm-12\"><div class=\"vc_column-inner\"><div class=\"wpb_wrapper\">        <h2  class=\"b-clor\">How TainoSystems works with its customers<\/h2>\r\n        <div class=\"vc_row wpb_row vc_inner vc_row-fluid about-content\"><div class=\"wpb_column vc_column_container vc_col-sm-8 vc_col-xs-12\"><div class=\"vc_column-inner\"><div class=\"wpb_wrapper\">\n\t<div class=\"wpb_text_column wpb_content_element\" >\n\t\t<div class=\"wpb_wrapper\">\n\t\t\t<p style=\"text-align: justify;\">La premi\u00e8re \u00e9tape de TainoSystems consiste \u00e0 \u00e9valuer un besoin commercial en \u00e9valuant ce qu\u2019une entreprise a d\u00e9j\u00e0 en place pour fonctionner. Nous identifions les faiblesses de l\u2019exploitation actuelle et proposons une solution pour am\u00e9liorer les pratiques commerciales. Les r\u00e9unions en personne, les conversations t\u00e9l\u00e9phoniques et les e-mails sont autant de canaux de communication pour travailler avec nos clients afin de mettre en \u0153uvre des solutions qui am\u00e9liorent votre entreprise.<\/p>\n\n\t\t<\/div>\n\t<\/div>\n<\/div><\/div><\/div><div class=\"wpb_column vc_column_container vc_col-sm-4 vc_col-xs-12\"><div class=\"vc_column-inner\"><div class=\"wpb_wrapper\">\n\t<div  class=\"wpb_single_image wpb_content_element vc_align_right\">\n\t\t\n\t\t<figure class=\"wpb_wrapper vc_figure\">\n\t\t\t<div class=\"vc_single_image-wrapper   vc_box_border_grey\"><img width=\"525\" height=\"210\" src=\"https:\/\/tainosystems.com\/wp-content\/uploads\/2021\/05\/two-businessmen-shaking-hands-free-photo-1024x410.jpg\" class=\"vc_single_image-img attachment-large\" alt=\"\" loading=\"lazy\" srcset=\"https:\/\/tainosystems.com\/wp-content\/uploads\/2021\/05\/two-businessmen-shaking-hands-free-photo-1024x410.jpg 1024w, https:\/\/tainosystems.com\/wp-content\/uploads\/2021\/05\/two-businessmen-shaking-hands-free-photo-300x120.jpg 300w, https:\/\/tainosystems.com\/wp-content\/uploads\/2021\/05\/two-businessmen-shaking-hands-free-photo-768x307.jpg 768w, https:\/\/tainosystems.com\/wp-content\/uploads\/2021\/05\/two-businessmen-shaking-hands-free-photo-1536x615.jpg 1536w, https:\/\/tainosystems.com\/wp-content\/uploads\/2021\/05\/two-businessmen-shaking-hands-free-photo-2048x820.jpg 2048w\" sizes=\"(max-width: 525px) 100vw, 525px\" \/><\/div>\n\t\t<\/figure>\n\t<\/div>\n<\/div><\/div><\/div><\/div><\/div><\/div><\/div><\/div><div id=\"more-about\" class=\"vc_row wpb_row vc_row-fluid bg-white more-about-us\"><div class=\"wpb_column vc_column_container vc_col-sm-12\"><div class=\"vc_column-inner\"><div class=\"wpb_wrapper\">        <h2  class=\"b-clor\">Know More About Us<\/h2>\r\n        <div class=\"vc_row wpb_row vc_inner vc_row-fluid\"><div class=\"wpb_column vc_column_container vc_col-sm-6 vc_col-lg-4 vc_col-md-6 vc_col-xs-12\"><div class=\"vc_column-inner\"><div class=\"wpb_wrapper\">            <a href=\"\/fr\/alliances-et-affiliations\/\"  class=\"about-box about-height\">\r\n                <div  class=\"round-icon-wrapper\"><span class=\"icon-trophy2\"><\/span><\/div>\r\n                <h3>Alliances et affiliations<\/h3>\r\n                <div class=\"regular-text\"><\/p>\n<p style=\"text-align: justify;\">Nous sommes un partenaire de Dell, un membre du r\u00e9seau de d\u00e9veloppement d\u2019Oracle, un membre du Project Management Institute et nous utilisons Kay Design pour des travaux de conception graphique difficiles.<\/p>\n<p>\n<\/div>\r\n            <\/a>\r\n            <\/div><\/div><\/div><div class=\"wpb_column vc_column_container vc_col-sm-6 vc_col-lg-4 vc_col-md-6 vc_col-xs-12\"><div class=\"vc_column-inner\"><div class=\"wpb_wrapper\">            <a href=\"\/fr\/portfolio\/\"  class=\"about-box about-height\">\r\n                <div  class=\"round-icon-wrapper\"><span class=\"icon-star\"><\/span><\/div>\r\n                <h3>Nos Solutions<\/h3>\r\n                <div class=\"regular-text\"><p>Nous offrons aux clients des services qui r\u00e9pondent exactement a leur besoins.<\/p>\n<\/div>\r\n            <\/a>\r\n            <\/div><\/div><\/div><div class=\"wpb_column vc_column_container vc_col-sm-6 vc_col-lg-4 vc_col-md-6 vc_col-xs-12\"><div class=\"vc_column-inner\"><div class=\"wpb_wrapper\">            <a href=\"\/fr\/faqs\/\"  class=\"about-box about-height\">\r\n                <div  class=\"round-icon-wrapper\"><span class=\"icon-list4\"><\/span><\/div>\r\n                <h3>FAQs<\/h3>\r\n                <div class=\"regular-text\"><\/p>\n<p style=\"text-align: justify;\">Il s\u2019agit g\u00e9n\u00e9ralement d\u2019une liste de questions courantes que les gens ont pos\u00e9es sur un produit ou un service sp\u00e9cifique.<\/p>\n<p>\n<\/div>\r\n            <\/a>\r\n            <\/div><\/div><\/div><\/div><\/div><\/div><\/div><\/div><div class=\"vc_row wpb_row vc_row-fluid\"><div class=\"wpb_column vc_column_container vc_col-sm-12\"><div class=\"vc_column-inner\"><div class=\"wpb_wrapper\"><\/div><\/div><\/div><\/div>","protected":false},"excerpt":{"rendered":"The History of TainoSystems Founded in 1998 by Winslas Anilus, TainoSystems is the manufacturer of the popular laboratory information system called \"Silabmed\". Our Silabmed is known to help technologists and laboratory managers operate efficiently. We were successful in helping six large labs migrate from a paper-based system to a fully automatic system, including in Medlab,","protected":false},"author":1,"featured_media":3202,"parent":0,"menu_order":0,"comment_status":"closed","ping_status":"closed","template":"template-modernpage.php","meta":[],"aioseo_notices":[],"_links":{"self":[{"href":"\/fr\/wp-json\/wp\/v2\/pages\/86"}],"collection":[{"href":"\/fr\/wp-json\/wp\/v2\/pages"}],"about":[{"href":"\/fr\/wp-json\/wp\/v2\/types\/page"}],"author":[{"embeddable":true,"href":"\/fr\/wp-json\/wp\/v2\/users\/1"}],"replies":[{"embeddable":true,"href":"\/fr\/wp-json\/wp\/v2\/comments?post=86"}],"version-history":[{"count":35,"href":"\/fr\/wp-json\/wp\/v2\/pages\/86\/revisions"}],"predecessor-version":[{"id":3744,"href":"\/fr\/wp-json\/wp\/v2\/pages\/86\/revisions\/3744"}],"wp:featuredmedia":[{"embeddable":true,"href":"\/fr\/wp-json\/wp\/v2\/media\/3202"}],"wp:attachment":[{"href":"\/fr\/wp-json\/wp\/v2\/media?parent=86"}],"curies":[{"name":"wp","href":"https:\/\/api.w.org\/{rel}","templated":true}]}}